{"id":1835,"date":"2023-02-11T14:03:07","date_gmt":"2023-02-11T14:03:07","guid":{"rendered":"https:\/\/www.hofer-interiors.com\/colophon\/"},"modified":"2023-03-23T08:35:30","modified_gmt":"2023-03-23T08:35:30","slug":"colophon","status":"publish","type":"page","link":"https:\/\/www.hofer-interiors.com\/it\/colophon\/","title":{"rendered":"Colophon"},"content":{"rendered":"\t\t<div data-elementor-type=\"wp-page\" data-elementor-id=\"1835\" class=\"elementor elementor-1835 elementor-1419\">\n\t\t\t\t\t\t\t\t\t<section class=\"elementor-section elementor-top-section elementor-element elementor-element-20f5deb elementor-section-full_width elementor-section-height-default elementor-section-height-default\" data-id=\"20f5deb\" data-element_type=\"section\" id=\"leidenschaft\" data-settings=\"{&quot;background_background&quot;:&quot;classic&quot;}\">\n\t\t\t\t\t\t<div class=\"elementor-container elementor-column-gap-no\">\n\t\t\t\t\t<div class=\"elementor-column elementor-col-100 elementor-top-column elementor-element elementor-element-11784a6\" data-id=\"11784a6\" data-element_type=\"column\">\n\t\t\t<div class=\"elementor-widget-wrap elementor-element-populated\">\n\t\t\t\t\t\t\t\t<section class=\"elementor-section elementor-inner-section elementor-element elementor-element-1477f4c elementor-section-full_width elementor-section-content-middle elementor-section-height-default elementor-section-height-default\" data-id=\"1477f4c\" data-element_type=\"section\">\n\t\t\t\t\t\t<div class=\"elementor-container elementor-column-gap-no\">\n\t\t\t\t\t<div class=\"elementor-column elementor-col-100 elementor-inner-column elementor-element elementor-element-212f187 section-heading-container\" data-id=\"212f187\" data-element_type=\"column\">\n\t\t\t<div class=\"elementor-widget-wrap elementor-element-populated\">\n\t\t\t\t\t\t\t\t<div class=\"elementor-element elementor-element-1cd5790 elementor-widget elementor-widget-heading\" data-id=\"1cd5790\" data-element_type=\"widget\" data-widget_type=\"heading.default\">\n\t\t\t\t<div class=\"elementor-widget-container\">\n\t\t\t<h2 class=\"elementor-heading-title elementor-size-default\">Colophon<\/h2>\t\t<\/div>\n\t\t\t\t<\/div>\n\t\t\t\t\t<\/div>\n\t\t<\/div>\n\t\t\t\t\t\t\t<\/div>\n\t\t<\/section>\n\t\t\t\t<section class=\"elementor-section elementor-inner-section elementor-element elementor-element-b2bfd5b elementor-section-full_width elementor-section-height-default elementor-section-height-default\" data-id=\"b2bfd5b\" data-element_type=\"section\">\n\t\t\t\t\t\t<div class=\"elementor-container elementor-column-gap-no\">\n\t\t\t\t\t<div class=\"elementor-column elementor-col-100 elementor-inner-column elementor-element elementor-element-e9c9a2f\" data-id=\"e9c9a2f\" data-element_type=\"column\">\n\t\t\t<div class=\"elementor-widget-wrap elementor-element-populated\">\n\t\t\t\t\t\t\t\t<div class=\"elementor-element elementor-element-c813f0d elementor-widget elementor-widget-text-editor\" data-id=\"c813f0d\" data-element_type=\"widget\" data-widget_type=\"text-editor.default\">\n\t\t\t\t<div class=\"elementor-widget-container\">\n\t\t\t\t\t\t\t<p>HOFER INTERIORS<br \/> DES HOFER LUKAS<br \/><span class=\"alt_font_color\">TISCHLEREI<\/span><\/p>\n\t\t\t\t\t\t<\/div>\n\t\t\t\t<\/div>\n\t\t\t\t<div class=\"elementor-element elementor-element-ad46258 elementor-widget elementor-widget-text-editor\" data-id=\"ad46258\" data-element_type=\"widget\" data-widget_type=\"text-editor.default\">\n\t\t\t\t<div class=\"elementor-widget-container\">\n\t\t\t\t\t\t\t<p>Sonneckstra\u00dfe 26<br \/>39037 M\u00fchlbach \/ Vals<br \/>T <a href=\"tel:+39%20348%20269%207617\">+39 348 269 7617<\/a><br \/><a href=\"mailto:info@hofer-interiors.com\">info@hofer-interiors.com<\/a><br \/>Cod. Fisc. HFRLKS97C18M067U<br \/>P. IVA: 03181400213<\/p>\n\t\t\t\t\t\t<\/div>\n\t\t\t\t<\/div>\n\t\t\t\t<div class=\"elementor-element elementor-element-9b12510 elementor-widget elementor-widget-text-editor\" data-id=\"9b12510\" data-element_type=\"widget\" data-widget_type=\"text-editor.default\">\n\t\t\t\t<div class=\"elementor-widget-container\">\n\t\t\t\t\t\t\t<p>Copyright per le immagini e grafiche utilizzate:<\/p>\n\t\t\t\t\t\t<\/div>\n\t\t\t\t<\/div>\n\t\t\t\t<div class=\"elementor-element elementor-element-cd1cdcd elementor-widget elementor-widget-text-editor\" data-id=\"cd1cdcd\" data-element_type=\"widget\" data-widget_type=\"text-editor.default\">\n\t\t\t\t<div class=\"elementor-widget-container\">\n\t\t\t\t\t\t\t<p>Lukas Hofer<\/p>\n\t\t\t\t\t\t<\/div>\n\t\t\t\t<\/div>\n\t\t\t\t<div class=\"elementor-element elementor-element-8dfc0e7 elementor-widget elementor-widget-text-editor\" data-id=\"8dfc0e7\" data-element_type=\"widget\" data-widget_type=\"text-editor.default\">\n\t\t\t\t<div class=\"elementor-widget-container\">\n\t\t\t\t\t\t\t<p>Risoluzione delle controversie<\/p>\n\t\t\t\t\t\t<\/div>\n\t\t\t\t<\/div>\n\t\t\t\t<div class=\"elementor-element elementor-element-e207e2b elementor-widget elementor-widget-text-editor\" data-id=\"e207e2b\" data-element_type=\"widget\" data-widget_type=\"text-editor.default\">\n\t\t\t\t<div class=\"elementor-widget-container\">\n\t\t\t\t\t\t\t<p>Informazioni obbligatorie ai sensi del Regolamento UE n. 524\/2013 del Parlamento e Consiglio europeo. Piattaforma per la risoluzione online delle controversie (ODR) della Commissione europea: <a href=\"https:\/\/ec.europa.eu\/consumers\/odr\/main\/?event=main.trader.register\" target=\"_blank\" rel=\"noopener\">https:\/\/ec.europa.eu\/consumers\/odr\/main\/?event=main.trader.register<\/a><\/p>\n\t\t\t\t\t\t<\/div>\n\t\t\t\t<\/div>\n\t\t\t\t<div class=\"elementor-element elementor-element-e9eca51 elementor-widget elementor-widget-text-editor\" data-id=\"e9eca51\" data-element_type=\"widget\" data-widget_type=\"text-editor.default\">\n\t\t\t\t<div class=\"elementor-widget-container\">\n\t\t\t\t\t\t\t<p>Concetto e realizzazione<\/p>\n\t\t\t\t\t\t<\/div>\n\t\t\t\t<\/div>\n\t\t\t\t<div class=\"elementor-element elementor-element-14dc3d7 elementor-widget elementor-widget-text-editor\" data-id=\"14dc3d7\" data-element_type=\"widget\" data-widget_type=\"text-editor.default\">\n\t\t\t\t<div class=\"elementor-widget-container\">\n\t\t\t\t\t\t\tmuwit der sandra Stablum\nCitt\u00e1 Alta 60\n39043 Chiusa\nTel. +39 347 1330206\nPart. IVA 02730810211\nCod. fisc. STB SDR 88 A44 B160 S\n<a href=\"mailto:info@muwit.it\">info@muwit.it<\/a>\n<a href=\"http:\/\/www.muwit.it\">www.muwit.it<\/a>\t\t\t\t\t\t<\/div>\n\t\t\t\t<\/div>\n\t\t\t\t<div class=\"elementor-element elementor-element-8267f03 elementor-widget elementor-widget-text-editor\" data-id=\"8267f03\" data-element_type=\"widget\" data-widget_type=\"text-editor.default\">\n\t\t\t\t<div class=\"elementor-widget-container\">\n\t\t\t\t\t\t\t<p>Responsabile per il contenuto:<\/p>\n\t\t\t\t\t\t<\/div>\n\t\t\t\t<\/div>\n\t\t\t\t<div class=\"elementor-element elementor-element-c7b91ab elementor-widget elementor-widget-text-editor\" data-id=\"c7b91ab\" data-element_type=\"widget\" data-widget_type=\"text-editor.default\">\n\t\t\t\t<div class=\"elementor-widget-container\">\n\t\t\t\t\t\t\t<p>muwit<\/p>\n\t\t\t\t\t\t<\/div>\n\t\t\t\t<\/div>\n\t\t\t\t<div class=\"elementor-element elementor-element-b165a19 elementor-widget elementor-widget-text-editor\" data-id=\"b165a19\" data-element_type=\"widget\" data-widget_type=\"text-editor.default\">\n\t\t\t\t<div class=\"elementor-widget-container\">\n\t\t\t\t\t\t\tDichiarazione liberatoria:\nResponsabilit\u00e0 per i contenuti\n\t\t\t\t\t\t<\/div>\n\t\t\t\t<\/div>\n\t\t\t\t<div class=\"elementor-element elementor-element-27de8f8 elementor-widget elementor-widget-text-editor\" data-id=\"27de8f8\" data-element_type=\"widget\" data-widget_type=\"text-editor.default\">\n\t\t\t\t<div class=\"elementor-widget-container\">\n\t\t\t\t\t\t\tI contenuti delle nostre pagine sono stati redatti, elaborati e controllati scrupolosamente. Tuttavia, non ci assumiamo nessuna responsabilit\u00e0 per la correttezza, qualit\u00e0, completezza e attualit\u00e0 dei contenuti, poich\u00e9 non \u00e8 da escludere che siano cambiati nel tempo. Come prestatori di servizi siamo responsabili per i contenuti di queste pagine in base alla normativa vigente. Nella nostra qualit\u00e0 di prestatori di servizi non siamo per\u00f2 obbligati a controllare l\u2019esattezza di informazioni ricevute o salvate da terzi, o a controllare se sussistano irregolarit\u00e0 che indichino un\u2019attivit\u00e0 illegale. L\u2019obbligo di rimuovere o bloccare l\u2019utilizzo di informazioni secondo la normativa vigente rimane valido. L\u2019assunzione di tale responsabilit\u00e0 \u00e8 tuttavia possibile solamente dopo il momento dell\u2019effettivo riconoscimento da parte nostra di una concreta violazione di diritto. Alla presa d\u2019atto di tali violazioni di legge provvederemo immediatamente alla rimozione dei contenuti in questione.\nSi escludono di principio le rivendicazioni di responsabilit\u00e0 di qualsiasi tipo causate dall\u2019utilizzo di informazioni messe a disposizione, oppure da informazioni errate e\/o incomplete.\n\t\t\t\t\t\t<\/div>\n\t\t\t\t<\/div>\n\t\t\t\t<div class=\"elementor-element elementor-element-b533205 elementor-widget elementor-widget-text-editor\" data-id=\"b533205\" data-element_type=\"widget\" data-widget_type=\"text-editor.default\">\n\t\t\t\t<div class=\"elementor-widget-container\">\n\t\t\t\t\t\t\t<b>Responsabilit\u00e0 per i link<\/b>\t\t\t\t\t\t<\/div>\n\t\t\t\t<\/div>\n\t\t\t\t<div class=\"elementor-element elementor-element-fae8674 elementor-widget elementor-widget-text-editor\" data-id=\"fae8674\" data-element_type=\"widget\" data-widget_type=\"text-editor.default\">\n\t\t\t\t<div class=\"elementor-widget-container\">\n\t\t\t\t\t\t\tLa nostra offerta contiene dei collegamenti ipertestuali con siti web esterni di terzi, sui cui contenuti non possiamo influire. Per questo motivo non forniamo nessuna garanzia sui contenuti dei siti web linkati, indipendentemente dal tipo e dalla natura. Ne \u00e8 responsabile solamente il relativo proprietario o gestore del sito. Un controllo permanente dei contenuti dei siti linkati al presente non \u00e8 fattibile senza concreti punti di riferimento. All\u2019avvenuta conoscenza d\u2019infrazioni contro la legge causate dai siti web linkati, i link in questione saranno subito rimossi.\t\t\t\t\t\t<\/div>\n\t\t\t\t<\/div>\n\t\t\t\t<div class=\"elementor-element elementor-element-3b0da1d elementor-widget elementor-widget-text-editor\" data-id=\"3b0da1d\" data-element_type=\"widget\" data-widget_type=\"text-editor.default\">\n\t\t\t\t<div class=\"elementor-widget-container\">\n\t\t\t\t\t\t\tCopyright\t\t\t\t\t\t<\/div>\n\t\t\t\t<\/div>\n\t\t\t\t<div class=\"elementor-element elementor-element-dfc37ac elementor-widget elementor-widget-text-editor\" data-id=\"dfc37ac\" data-element_type=\"widget\" data-widget_type=\"text-editor.default\">\n\t\t\t\t<div class=\"elementor-widget-container\">\n\t\t\t\t\t\t\tTutti i contenuti e le opere creati dal web designer e dai gestori del sito sono protetti da copyright. La riproduzione, l\u2019alterazione, la distribuzione e qualsiasi forma di utilizzo, soprattutto per scopi commerciali, al di fuori dei limiti del diritto d\u2019autore, sono severamente vietate e ammesse esclusivamente previa autorizzazione scritta del relativo autore o creatore. Nel caso i contenuti di questa pagina non siano stati creati dal gestore, sono da rispettare i diritti di copyright di terzi. I contenuti redatti da terzi sono contrassegnati come tali. In caso doveste notare una violazione del copyright, vi preghiamo gentilmente di farci pervenire un\u2019apposita segnalazione. All\u2019atto di presa di conoscenza di tali violazioni di legge, i contenuti in questione saranno naturalmente rimossi subito, senza per\u00f2 assumerne nessuna responsabilit\u00e0.\t\t\t\t\t\t<\/div>\n\t\t\t\t<\/div>\n\t\t\t\t\t<\/div>\n\t\t<\/div>\n\t\t\t\t\t\t\t<\/div>\n\t\t<\/section>\n\t\t\t\t\t<\/div>\n\t\t<\/div>\n\t\t\t\t\t\t\t<\/div>\n\t\t<\/section>\n\t\t\t\t\t\t\t<\/div>\n\t\t","protected":false},"excerpt":{"rendered":"<p>Colophon HOFER INTERIORS DES HOFER LUKASTISCHLEREI Sonneckstra\u00dfe 2639037 M\u00fchlbach \/ ValsT +39 348 269 7617info@hofer-interiors.comCod. Fisc. HFRLKS97C18M067UP. IVA: 03181400213 Copyright per le immagini e grafiche utilizzate: Lukas Hofer Risoluzione delle controversie Informazioni obbligatorie ai sensi del Regolamento UE n. 524\/2013 del Parlamento e Consiglio europeo. Piattaforma per la risoluzione online delle controversie (ODR) della Commissione [&hellip;]<\/p>\n","protected":false},"author":1,"featured_media":0,"parent":0,"menu_order":0,"comment_status":"closed","ping_status":"closed","template":"elementor_header_footer","meta":[],"yoast_head":"<!-- This site is optimized with the Yoast SEO plugin v20.3 - https:\/\/yoast.com\/wordpress\/plugins\/seo\/ -->\n<title>Colophon - Hofer Interiors<\/title>\n<meta name=\"robots\" content=\"index, follow, max-snippet:-1, max-image-preview:large, max-video-preview:-1\" \/>\n<link rel=\"canonical\" href=\"https:\/\/www.hofer-interiors.com\/it\/colophon\/\" \/>\n<meta property=\"og:locale\" content=\"it_IT\" \/>\n<meta property=\"og:type\" content=\"article\" \/>\n<meta property=\"og:title\" content=\"Colophon - Hofer Interiors\" \/>\n<meta property=\"og:description\" content=\"Colophon HOFER INTERIORS DES HOFER LUKASTISCHLEREI Sonneckstra\u00dfe 2639037 M\u00fchlbach \/ ValsT +39 348 269 7617info@hofer-interiors.comCod. Fisc. HFRLKS97C18M067UP. IVA: 03181400213 Copyright per le immagini e grafiche utilizzate: Lukas Hofer Risoluzione delle controversie Informazioni obbligatorie ai sensi del Regolamento UE n. 524\/2013 del Parlamento e Consiglio europeo. Piattaforma per la risoluzione online delle controversie (ODR) della Commissione [&hellip;]\" \/>\n<meta property=\"og:url\" content=\"https:\/\/www.hofer-interiors.com\/it\/colophon\/\" \/>\n<meta property=\"og:site_name\" content=\"Hofer Interiors\" \/>\n<meta property=\"article:modified_time\" content=\"2023-03-23T08:35:30+00:00\" \/>\n<meta name=\"twitter:card\" content=\"summary_large_image\" \/>\n<meta name=\"twitter:label1\" content=\"Tempo di lettura stimato\" \/>\n\t<meta name=\"twitter:data1\" content=\"3 minuti\" \/>\n<script type=\"application\/ld+json\" class=\"yoast-schema-graph\">{\"@context\":\"https:\/\/schema.org\",\"@graph\":[{\"@type\":\"WebPage\",\"@id\":\"https:\/\/www.hofer-interiors.com\/it\/colophon\/\",\"url\":\"https:\/\/www.hofer-interiors.com\/it\/colophon\/\",\"name\":\"Colophon - Hofer Interiors\",\"isPartOf\":{\"@id\":\"https:\/\/www.hofer-interiors.com\/it\/#website\"},\"datePublished\":\"2023-02-11T14:03:07+00:00\",\"dateModified\":\"2023-03-23T08:35:30+00:00\",\"breadcrumb\":{\"@id\":\"https:\/\/www.hofer-interiors.com\/it\/colophon\/#breadcrumb\"},\"inLanguage\":\"it-IT\",\"potentialAction\":[{\"@type\":\"ReadAction\",\"target\":[\"https:\/\/www.hofer-interiors.com\/it\/colophon\/\"]}]},{\"@type\":\"BreadcrumbList\",\"@id\":\"https:\/\/www.hofer-interiors.com\/it\/colophon\/#breadcrumb\",\"itemListElement\":[{\"@type\":\"ListItem\",\"position\":1,\"name\":\"Startseite\",\"item\":\"https:\/\/www.hofer-interiors.com\/it\/\"},{\"@type\":\"ListItem\",\"position\":2,\"name\":\"Colophon\"}]},{\"@type\":\"WebSite\",\"@id\":\"https:\/\/www.hofer-interiors.com\/it\/#website\",\"url\":\"https:\/\/www.hofer-interiors.com\/it\/\",\"name\":\"Hofer Interiors\",\"description\":\"\",\"publisher\":{\"@id\":\"https:\/\/www.hofer-interiors.com\/it\/#organization\"},\"potentialAction\":[{\"@type\":\"SearchAction\",\"target\":{\"@type\":\"EntryPoint\",\"urlTemplate\":\"https:\/\/www.hofer-interiors.com\/it\/?s={search_term_string}\"},\"query-input\":\"required name=search_term_string\"}],\"inLanguage\":\"it-IT\"},{\"@type\":\"Organization\",\"@id\":\"https:\/\/www.hofer-interiors.com\/it\/#organization\",\"name\":\"Hofer Interiors\",\"url\":\"https:\/\/www.hofer-interiors.com\/it\/\",\"logo\":{\"@type\":\"ImageObject\",\"inLanguage\":\"it-IT\",\"@id\":\"https:\/\/www.hofer-interiors.com\/it\/#\/schema\/logo\/image\/\",\"url\":\"https:\/\/www.hofer-interiors.com\/wp-content\/uploads\/2023\/02\/Hofer-Interiors-Logo.svg\",\"contentUrl\":\"https:\/\/www.hofer-interiors.com\/wp-content\/uploads\/2023\/02\/Hofer-Interiors-Logo.svg\",\"width\":612,\"height\":159,\"caption\":\"Hofer Interiors\"},\"image\":{\"@id\":\"https:\/\/www.hofer-interiors.com\/it\/#\/schema\/logo\/image\/\"}}]}<\/script>\n<!-- \/ Yoast SEO plugin. -->","yoast_head_json":{"title":"Colophon - Hofer Interiors","robots":{"index":"index","follow":"follow","max-snippet":"max-snippet:-1","max-image-preview":"max-image-preview:large","max-video-preview":"max-video-preview:-1"},"canonical":"https:\/\/www.hofer-interiors.com\/it\/colophon\/","og_locale":"it_IT","og_type":"article","og_title":"Colophon - Hofer Interiors","og_description":"Colophon HOFER INTERIORS DES HOFER LUKASTISCHLEREI Sonneckstra\u00dfe 2639037 M\u00fchlbach \/ ValsT +39 348 269 7617info@hofer-interiors.comCod. Fisc. HFRLKS97C18M067UP. IVA: 03181400213 Copyright per le immagini e grafiche utilizzate: Lukas Hofer Risoluzione delle controversie Informazioni obbligatorie ai sensi del Regolamento UE n. 524\/2013 del Parlamento e Consiglio europeo. Piattaforma per la risoluzione online delle controversie (ODR) della Commissione [&hellip;]","og_url":"https:\/\/www.hofer-interiors.com\/it\/colophon\/","og_site_name":"Hofer Interiors","article_modified_time":"2023-03-23T08:35:30+00:00","twitter_card":"summary_large_image","twitter_misc":{"Tempo di lettura stimato":"3 minuti"},"schema":{"@context":"https:\/\/schema.org","@graph":[{"@type":"WebPage","@id":"https:\/\/www.hofer-interiors.com\/it\/colophon\/","url":"https:\/\/www.hofer-interiors.com\/it\/colophon\/","name":"Colophon - Hofer Interiors","isPartOf":{"@id":"https:\/\/www.hofer-interiors.com\/it\/#website"},"datePublished":"2023-02-11T14:03:07+00:00","dateModified":"2023-03-23T08:35:30+00:00","breadcrumb":{"@id":"https:\/\/www.hofer-interiors.com\/it\/colophon\/#breadcrumb"},"inLanguage":"it-IT","potentialAction":[{"@type":"ReadAction","target":["https:\/\/www.hofer-interiors.com\/it\/colophon\/"]}]},{"@type":"BreadcrumbList","@id":"https:\/\/www.hofer-interiors.com\/it\/colophon\/#breadcrumb","itemListElement":[{"@type":"ListItem","position":1,"name":"Startseite","item":"https:\/\/www.hofer-interiors.com\/it\/"},{"@type":"ListItem","position":2,"name":"Colophon"}]},{"@type":"WebSite","@id":"https:\/\/www.hofer-interiors.com\/it\/#website","url":"https:\/\/www.hofer-interiors.com\/it\/","name":"Hofer Interiors","description":"","publisher":{"@id":"https:\/\/www.hofer-interiors.com\/it\/#organization"},"potentialAction":[{"@type":"SearchAction","target":{"@type":"EntryPoint","urlTemplate":"https:\/\/www.hofer-interiors.com\/it\/?s={search_term_string}"},"query-input":"required name=search_term_string"}],"inLanguage":"it-IT"},{"@type":"Organization","@id":"https:\/\/www.hofer-interiors.com\/it\/#organization","name":"Hofer Interiors","url":"https:\/\/www.hofer-interiors.com\/it\/","logo":{"@type":"ImageObject","inLanguage":"it-IT","@id":"https:\/\/www.hofer-interiors.com\/it\/#\/schema\/logo\/image\/","url":"https:\/\/www.hofer-interiors.com\/wp-content\/uploads\/2023\/02\/Hofer-Interiors-Logo.svg","contentUrl":"https:\/\/www.hofer-interiors.com\/wp-content\/uploads\/2023\/02\/Hofer-Interiors-Logo.svg","width":612,"height":159,"caption":"Hofer Interiors"},"image":{"@id":"https:\/\/www.hofer-interiors.com\/it\/#\/schema\/logo\/image\/"}}]}},"_links":{"self":[{"href":"https:\/\/www.hofer-interiors.com\/it\/wp-json\/wp\/v2\/pages\/1835"}],"collection":[{"href":"https:\/\/www.hofer-interiors.com\/it\/wp-json\/wp\/v2\/pages"}],"about":[{"href":"https:\/\/www.hofer-interiors.com\/it\/wp-json\/wp\/v2\/types\/page"}],"author":[{"embeddable":true,"href":"https:\/\/www.hofer-interiors.com\/it\/wp-json\/wp\/v2\/users\/1"}],"replies":[{"embeddable":true,"href":"https:\/\/www.hofer-interiors.com\/it\/wp-json\/wp\/v2\/comments?post=1835"}],"version-history":[{"count":7,"href":"https:\/\/www.hofer-interiors.com\/it\/wp-json\/wp\/v2\/pages\/1835\/revisions"}],"predecessor-version":[{"id":1897,"href":"https:\/\/www.hofer-interiors.com\/it\/wp-json\/wp\/v2\/pages\/1835\/revisions\/1897"}],"wp:attachment":[{"href":"https:\/\/www.hofer-interiors.com\/it\/wp-json\/wp\/v2\/media?parent=1835"}],"curies":[{"name":"wp","href":"https:\/\/api.w.org\/{rel}","templated":true}]}}